{"id":874,"date":"2024-07-03T15:41:28","date_gmt":"2024-07-03T15:41:28","guid":{"rendered":"https:\/\/amara-thai-spa.pt\/?page_id=874"},"modified":"2024-08-23T15:47:26","modified_gmt":"2024-08-23T15:47:26","slug":"politica-de-privacidade","status":"publish","type":"page","link":"https:\/\/amara-thai-spa.pt\/pt-pt\/politica-de-privacidade\/","title":{"rendered":"Pol\u00edtica de privacidade"},"content":{"rendered":"\t\t<div data-elementor-type=\"wp-page\" data-elementor-id=\"874\" class=\"elementor elementor-874 elementor-3\">\n\t\t\t\t\t\t<section class=\"elementor-section elementor-top-section elementor-element elementor-element-378b9d4f elementor-section-boxed elementor-section-height-default elementor-section-height-default\" data-id=\"378b9d4f\" data-element_type=\"section\" data-settings=\"{&quot;background_background&quot;:&quot;classic&quot;,&quot;shape_divider_bottom&quot;:&quot;wave-brush&quot;}\">\n\t\t\t\t\t\t\t<div class=\"elementor-background-overlay\"><\/div>\n\t\t\t\t\t\t<div class=\"elementor-shape elementor-shape-bottom\" data-negative=\"false\">\n\t\t\t<svg xmlns=\"http:\/\/www.w3.org\/2000\/svg\" viewBox=\"0 0 283.5 27.8\" preserveAspectRatio=\"none\">\n\t<path class=\"elementor-shape-fill\" d=\"M283.5,9.7c0,0-7.3,4.3-14,4.6c-6.8,0.3-12.6,0-20.9-1.5c-11.3-2-33.1-10.1-44.7-5.7\ts-12.1,4.6-18,7.4c-6.6,3.2-20,9.6-36.6,9.3C131.6,23.5,99.5,7.2,86.3,8c-1.4,0.1-6.6,0.8-10.5,2c-3.8,1.2-9.4,3.8-17,4.7\tc-3.2,0.4-8.3,1.1-14.2,0.9c-1.5-0.1-6.3-0.4-12-1.6c-5.7-1.2-11-3.1-15.8-3.7C6.5,9.2,0,10.8,0,10.8V0h283.5V9.7z M260.8,11.3\tc-0.7-1-2-0.4-4.3-0.4c-2.3,0-6.1-1.2-5.8-1.1c0.3,0.1,3.1,1.5,6,1.9C259.7,12.2,261.4,12.3,260.8,11.3z M242.4,8.6\tc0,0-2.4-0.2-5.6-0.9c-3.2-0.8-10.3-2.8-15.1-3.5c-8.2-1.1-15.8,0-15.1,0.1c0.8,0.1,9.6-0.6,17.6,1.1c3.3,0.7,9.3,2.2,12.4,2.7\tC239.9,8.7,242.4,8.6,242.4,8.6z M185.2,8.5c1.7-0.7-13.3,4.7-18.5,6.1c-2.1,0.6-6.2,1.6-10,2c-3.9,0.4-8.9,0.4-8.8,0.5\tc0,0.2,5.8,0.8,11.2,0c5.4-0.8,5.2-1.1,7.6-1.6C170.5,14.7,183.5,9.2,185.2,8.5z M199.1,6.9c0.2,0-0.8-0.4-4.8,1.1\tc-4,1.5-6.7,3.5-6.9,3.7c-0.2,0.1,3.5-1.8,6.6-3C197,7.5,199,6.9,199.1,6.9z M283,6c-0.1,0.1-1.9,1.1-4.8,2.5s-6.9,2.8-6.7,2.7\tc0.2,0,3.5-0.6,7.4-2.5C282.8,6.8,283.1,5.9,283,6z M31.3,11.6c0.1-0.2-1.9-0.2-4.5-1.2s-5.4-1.6-7.8-2C15,7.6,7.3,8.5,7.7,8.6\tC8,8.7,15.9,8.3,20.2,9.3c2.2,0.5,2.4,0.5,5.7,1.6S31.2,11.9,31.3,11.6z M73,9.2c0.4-0.1,3.5-1.6,8.4-2.6c4.9-1.1,8.9-0.5,8.9-0.8\tc0-0.3-1-0.9-6.2-0.3S72.6,9.3,73,9.2z M71.6,6.7C71.8,6.8,75,5.4,77.3,5c2.3-0.3,1.9-0.5,1.9-0.6c0-0.1-1.1-0.2-2.7,0.2\tC74.8,5.1,71.4,6.6,71.6,6.7z M93.6,4.4c0.1,0.2,3.5,0.8,5.6,1.8c2.1,1,1.8,0.6,1.9,0.5c0.1-0.1-0.8-0.8-2.4-1.3\tC97.1,4.8,93.5,4.2,93.6,4.4z M65.4,11.1c-0.1,0.3,0.3,0.5,1.9-0.2s2.6-1.3,2.2-1.2s-0.9,0.4-2.5,0.8C65.3,10.9,65.5,10.8,65.4,11.1\tz M34.5,12.4c-0.2,0,2.1,0.8,3.3,0.9c1.2,0.1,2,0.1,2-0.2c0-0.3-0.1-0.5-1.6-0.4C36.6,12.8,34.7,12.4,34.5,12.4z M152.2,21.1\tc-0.1,0.1-2.4-0.3-7.5-0.3c-5,0-13.6-2.4-17.2-3.5c-3.6-1.1,10,3.9,16.5,4.1C150.5,21.6,152.3,21,152.2,21.1z\"\/>\n\t<path class=\"elementor-shape-fill\" d=\"M269.6,18c-0.1-0.1-4.6,0.3-7.2,0c-7.3-0.7-17-3.2-16.6-2.9c0.4,0.3,13.7,3.1,17,3.3\tC267.7,18.8,269.7,18,269.6,18z\"\/>\n\t<path class=\"elementor-shape-fill\" d=\"M227.4,9.8c-0.2-0.1-4.5-1-9.5-1.2c-5-0.2-12.7,0.6-12.3,0.5c0.3-0.1,5.9-1.8,13.3-1.2\tS227.6,9.9,227.4,9.8z\"\/>\n\t<path class=\"elementor-shape-fill\" d=\"M204.5,13.4c-0.1-0.1,2-1,3.2-1.1c1.2-0.1,2,0,2,0.3c0,0.3-0.1,0.5-1.6,0.4\tC206.4,12.9,204.6,13.5,204.5,13.4z\"\/>\n\t<path class=\"elementor-shape-fill\" d=\"M201,10.6c0-0.1-4.4,1.2-6.3,2.2c-1.9,0.9-6.2,3.1-6.1,3.1c0.1,0.1,4.2-1.6,6.3-2.6\tS201,10.7,201,10.6z\"\/>\n\t<path class=\"elementor-shape-fill\" d=\"M154.5,26.7c-0.1-0.1-4.6,0.3-7.2,0c-7.3-0.7-17-3.2-16.6-2.9c0.4,0.3,13.7,3.1,17,3.3\tC152.6,27.5,154.6,26.8,154.5,26.7z\"\/>\n\t<path class=\"elementor-shape-fill\" d=\"M41.9,19.3c0,0,1.2-0.3,2.9-0.1c1.7,0.2,5.8,0.9,8.2,0.7c4.2-0.4,7.4-2.7,7-2.6\tc-0.4,0-4.3,2.2-8.6,1.9c-1.8-0.1-5.1-0.5-6.7-0.4S41.9,19.3,41.9,19.3z\"\/>\n\t<path class=\"elementor-shape-fill\" d=\"M75.5,12.6c0.2,0.1,2-0.8,4.3-1.1c2.3-0.2,2.1-0.3,2.1-0.5c0-0.1-1.8-0.4-3.4,0\tC76.9,11.5,75.3,12.5,75.5,12.6z\"\/>\n\t<path class=\"elementor-shape-fill\" d=\"M15.6,13.2c0-0.1,4.3,0,6.7,0.5c2.4,0.5,5,1.9,5,2c0,0.1-2.7-0.8-5.1-1.4\tC19.9,13.7,15.7,13.3,15.6,13.2z\"\/>\n<\/svg>\t\t<\/div>\n\t\t\t\t\t<div class=\"elementor-container elementor-column-gap-no\">\n\t\t\t\t\t<div class=\"elementor-column elementor-col-100 elementor-top-column elementor-element elementor-element-34c8509e\" data-id=\"34c8509e\" data-element_type=\"column\">\n\t\t\t<div class=\"elementor-widget-wrap elementor-element-populated\">\n\t\t\t\t\t\t<div class=\"elementor-element elementor-element-628c620c elementor-widget elementor-widget-heading\" data-id=\"628c620c\" data-element_type=\"widget\" data-widget_type=\"heading.default\">\n\t\t\t\t<div class=\"elementor-widget-container\">\n\t\t\t\t\t<h2 class=\"elementor-heading-title elementor-size-default\">Pol\u00edtica de privacidade<\/h2>\t\t\t\t<\/div>\n\t\t\t\t<\/div>\n\t\t\t\t\t<\/div>\n\t\t<\/div>\n\t\t\t\t\t<\/div>\n\t\t<\/section>\n\t\t\t\t<section class=\"elementor-section elementor-top-section elementor-element elementor-element-e1f7706 privacy-policy elementor-section-boxed elementor-section-height-default elementor-section-height-default\" data-id=\"e1f7706\" data-element_type=\"section\" data-settings=\"{&quot;shape_divider_bottom&quot;:&quot;wave-brush&quot;}\">\n\t\t\t\t\t<div class=\"elementor-shape elementor-shape-bottom\" data-negative=\"false\">\n\t\t\t<svg xmlns=\"http:\/\/www.w3.org\/2000\/svg\" viewBox=\"0 0 283.5 27.8\" preserveAspectRatio=\"none\">\n\t<path class=\"elementor-shape-fill\" d=\"M283.5,9.7c0,0-7.3,4.3-14,4.6c-6.8,0.3-12.6,0-20.9-1.5c-11.3-2-33.1-10.1-44.7-5.7\ts-12.1,4.6-18,7.4c-6.6,3.2-20,9.6-36.6,9.3C131.6,23.5,99.5,7.2,86.3,8c-1.4,0.1-6.6,0.8-10.5,2c-3.8,1.2-9.4,3.8-17,4.7\tc-3.2,0.4-8.3,1.1-14.2,0.9c-1.5-0.1-6.3-0.4-12-1.6c-5.7-1.2-11-3.1-15.8-3.7C6.5,9.2,0,10.8,0,10.8V0h283.5V9.7z M260.8,11.3\tc-0.7-1-2-0.4-4.3-0.4c-2.3,0-6.1-1.2-5.8-1.1c0.3,0.1,3.1,1.5,6,1.9C259.7,12.2,261.4,12.3,260.8,11.3z M242.4,8.6\tc0,0-2.4-0.2-5.6-0.9c-3.2-0.8-10.3-2.8-15.1-3.5c-8.2-1.1-15.8,0-15.1,0.1c0.8,0.1,9.6-0.6,17.6,1.1c3.3,0.7,9.3,2.2,12.4,2.7\tC239.9,8.7,242.4,8.6,242.4,8.6z M185.2,8.5c1.7-0.7-13.3,4.7-18.5,6.1c-2.1,0.6-6.2,1.6-10,2c-3.9,0.4-8.9,0.4-8.8,0.5\tc0,0.2,5.8,0.8,11.2,0c5.4-0.8,5.2-1.1,7.6-1.6C170.5,14.7,183.5,9.2,185.2,8.5z M199.1,6.9c0.2,0-0.8-0.4-4.8,1.1\tc-4,1.5-6.7,3.5-6.9,3.7c-0.2,0.1,3.5-1.8,6.6-3C197,7.5,199,6.9,199.1,6.9z M283,6c-0.1,0.1-1.9,1.1-4.8,2.5s-6.9,2.8-6.7,2.7\tc0.2,0,3.5-0.6,7.4-2.5C282.8,6.8,283.1,5.9,283,6z M31.3,11.6c0.1-0.2-1.9-0.2-4.5-1.2s-5.4-1.6-7.8-2C15,7.6,7.3,8.5,7.7,8.6\tC8,8.7,15.9,8.3,20.2,9.3c2.2,0.5,2.4,0.5,5.7,1.6S31.2,11.9,31.3,11.6z M73,9.2c0.4-0.1,3.5-1.6,8.4-2.6c4.9-1.1,8.9-0.5,8.9-0.8\tc0-0.3-1-0.9-6.2-0.3S72.6,9.3,73,9.2z M71.6,6.7C71.8,6.8,75,5.4,77.3,5c2.3-0.3,1.9-0.5,1.9-0.6c0-0.1-1.1-0.2-2.7,0.2\tC74.8,5.1,71.4,6.6,71.6,6.7z M93.6,4.4c0.1,0.2,3.5,0.8,5.6,1.8c2.1,1,1.8,0.6,1.9,0.5c0.1-0.1-0.8-0.8-2.4-1.3\tC97.1,4.8,93.5,4.2,93.6,4.4z M65.4,11.1c-0.1,0.3,0.3,0.5,1.9-0.2s2.6-1.3,2.2-1.2s-0.9,0.4-2.5,0.8C65.3,10.9,65.5,10.8,65.4,11.1\tz M34.5,12.4c-0.2,0,2.1,0.8,3.3,0.9c1.2,0.1,2,0.1,2-0.2c0-0.3-0.1-0.5-1.6-0.4C36.6,12.8,34.7,12.4,34.5,12.4z M152.2,21.1\tc-0.1,0.1-2.4-0.3-7.5-0.3c-5,0-13.6-2.4-17.2-3.5c-3.6-1.1,10,3.9,16.5,4.1C150.5,21.6,152.3,21,152.2,21.1z\"\/>\n\t<path class=\"elementor-shape-fill\" d=\"M269.6,18c-0.1-0.1-4.6,0.3-7.2,0c-7.3-0.7-17-3.2-16.6-2.9c0.4,0.3,13.7,3.1,17,3.3\tC267.7,18.8,269.7,18,269.6,18z\"\/>\n\t<path class=\"elementor-shape-fill\" d=\"M227.4,9.8c-0.2-0.1-4.5-1-9.5-1.2c-5-0.2-12.7,0.6-12.3,0.5c0.3-0.1,5.9-1.8,13.3-1.2\tS227.6,9.9,227.4,9.8z\"\/>\n\t<path class=\"elementor-shape-fill\" d=\"M204.5,13.4c-0.1-0.1,2-1,3.2-1.1c1.2-0.1,2,0,2,0.3c0,0.3-0.1,0.5-1.6,0.4\tC206.4,12.9,204.6,13.5,204.5,13.4z\"\/>\n\t<path class=\"elementor-shape-fill\" d=\"M201,10.6c0-0.1-4.4,1.2-6.3,2.2c-1.9,0.9-6.2,3.1-6.1,3.1c0.1,0.1,4.2-1.6,6.3-2.6\tS201,10.7,201,10.6z\"\/>\n\t<path class=\"elementor-shape-fill\" d=\"M154.5,26.7c-0.1-0.1-4.6,0.3-7.2,0c-7.3-0.7-17-3.2-16.6-2.9c0.4,0.3,13.7,3.1,17,3.3\tC152.6,27.5,154.6,26.8,154.5,26.7z\"\/>\n\t<path class=\"elementor-shape-fill\" d=\"M41.9,19.3c0,0,1.2-0.3,2.9-0.1c1.7,0.2,5.8,0.9,8.2,0.7c4.2-0.4,7.4-2.7,7-2.6\tc-0.4,0-4.3,2.2-8.6,1.9c-1.8-0.1-5.1-0.5-6.7-0.4S41.9,19.3,41.9,19.3z\"\/>\n\t<path class=\"elementor-shape-fill\" d=\"M75.5,12.6c0.2,0.1,2-0.8,4.3-1.1c2.3-0.2,2.1-0.3,2.1-0.5c0-0.1-1.8-0.4-3.4,0\tC76.9,11.5,75.3,12.5,75.5,12.6z\"\/>\n\t<path class=\"elementor-shape-fill\" d=\"M15.6,13.2c0-0.1,4.3,0,6.7,0.5c2.4,0.5,5,1.9,5,2c0,0.1-2.7-0.8-5.1-1.4\tC19.9,13.7,15.7,13.3,15.6,13.2z\"\/>\n<\/svg>\t\t<\/div>\n\t\t\t\t\t<div class=\"elementor-container elementor-column-gap-no\">\n\t\t\t\t\t<div class=\"elementor-column elementor-col-100 elementor-top-column elementor-element elementor-element-39cf879\" data-id=\"39cf879\" data-element_type=\"column\">\n\t\t\t<div class=\"elementor-widget-wrap elementor-element-populated\">\n\t\t\t\t\t\t<div class=\"elementor-element elementor-element-b9e7152 elementor-widget elementor-widget-text-editor\" data-id=\"b9e7152\" data-element_type=\"widget\" data-widget_type=\"text-editor.default\">\n\t\t\t\t<div class=\"elementor-widget-container\">\n\t\t\t\t\t\t\t\t\t<h4>Pol\u00edtica de privacidade<\/h4>\n<p>A Amara Thai Spa est\u00e1 empenhada em proteger a privacidade dos seus Clientes e dos Utilizadores do seu website e, neste contexto, elaborou a presente Pol\u00edtica de Privacidade com a finalidade de demonstrar o seu compromisso e respeito para com as regras de privacidade e de prote\u00e7\u00e3o de dados pessoais.<\/p>\n<p>Esta Pol\u00edtica de Privacidade aplica-se exclusivamente \u00e0 recolha e tratamento de dados pessoais efetuados pela nossa empresa, sendo aconselhada a leitura integral deste documento.<\/p>\n<p>A presente Pol\u00edtica de Privacidade aplica-se a todos os dados pessoais recolhidos no website.<\/p>\n<h4>Respons\u00e1vel pelo Tratamento de Dados<\/h4>\n<p>A entidade respons\u00e1vel pelo tratamento de dados pessoais \u00e9 Amara Thai Spa , com sede Rua Latino Coelho 69, 1050-133 Lisboa e com o endere\u00e7o de email amaraspa@gmail.com.<\/p>\n<h4>Tipos de Dados PessoaisTypes of Personal Data<\/h4>\n<p>Os dados recolhidos no \u00e2mbito da atividade profissional s\u00e3o os que constam nos formul\u00e1rios de contacto presentes no nosso website.<\/p>\n<h4>Como recolhemos os seus dados pessoais?<br><br><\/h4>\n<ul>\n<li><span style=\"color: var( --e-global-color-text ); font-family: var( --e-global-typography-text-font-family ), Sans-serif; font-size: var( --e-global-typography-text-font-size ); font-weight: var( --e-global-typography-text-font-weight );\">Atrav\u00e9s do nosso website;<\/span><\/li>\n<li>Quando subscreve o envio das nossas newsletters, dando-nos o seu consentimento.<\/li><\/ul>\n<h4>Fundamento e Finalidades do Tratamento<\/h4>\n<ul>\n<li>Efeitos de Marketing e Vendas, como por exemplo: campanhas de marketing, eventos, promo\u00e7\u00f5es, informa\u00e7\u00e3o sobre novos ou atuais servi\u00e7os e\/ou produtos, inqu\u00e9ritos de satisfa\u00e7\u00e3o;<\/li>\n<li>Dilig\u00eancias pr\u00e9-contratuais e\/ou execu\u00e7\u00e3o de contrato de presta\u00e7\u00e3o de servi\u00e7os;<\/li>\n<li><span style=\"color: var( --e-global-color-text ); font-family: var( --e-global-typography-text-font-family ), Sans-serif; font-size: var( --e-global-typography-text-font-size ); font-weight: var( --e-global-typography-text-font-weight );\">Presta\u00e7\u00e3o dos servi\u00e7os contratados e gest\u00e3o de clientes;<\/span><\/li>\n<li><span style=\"color: var( --e-global-color-text ); font-family: var( --e-global-typography-text-font-family ), Sans-serif; font-size: var( --e-global-typography-text-font-size ); font-weight: var( --e-global-typography-text-font-weight );\">Cumprimento de obriga\u00e7\u00e3o legal;<\/span><\/li>\n<li>Quando o tratamento for necess\u00e1rio ao cumprimento de obriga\u00e7\u00f5es legais, como por exemplo, a resposta a entidades judiciais, de regula\u00e7\u00e3o e de supervis\u00e3o, entre outros;<\/li>\n<li>Interesse leg\u00edtimo;<\/li>\n<li>Quando o tratamento de dados pessoais corresponda a um interesse leg\u00edtimo, como por exemplo o tratamento de dados para melhoria de qualidade de servi\u00e7o, a dete\u00e7\u00e3o de fraude, etc.<\/li>\n<\/ul>\n<h4>Prazo de Conserva\u00e7\u00e3o<\/h4>\n<p>Conservamos os seus dados apenas durante o per\u00edodo que for necess\u00e1rio no \u00e2mbito da finalidade para a qual estes foram recolhidos.<\/p>\n<h4>Direitos dos Utilizadores<\/h4>\n<p>O utilizador pode exercer a todo o tempo os seus direitos de acesso, atualiza\u00e7\u00e3o, apagamento, limita\u00e7\u00e3o, o direito de oposi\u00e7\u00e3o \u00e0 utiliza\u00e7\u00e3o dos mesmos para fins comerciais pela empresa e \u00e0 retirada do consentimento, sem que tal comprometa a licitude do tratamento efetuado ao abrigo desse consentimento, bem como o direito \u00e0 portabilidade dos dados atrav\u00e9s de solicita\u00e7\u00e3o por qualquer um dos meios acima indicados.<\/p>\n<p>O titular poder\u00e1 ainda apresentar reclama\u00e7\u00f5es sobre o tratamento de dados junto da Comiss\u00e3o Nacional de Prote\u00e7\u00e3o de Dados.<\/p>\n<h4>Transmiss\u00e3o de Dados<\/h4>\n<p>O tratamento dos dados dos utilizadores poder\u00e1 ser realizado por um prestador de servi\u00e7os id\u00f3neo, contratado pela nossa empresa. Quando tal sucede, s\u00e3o tomadas as medidas adequadas, de forma a assegurar que as entidades que tenham acesso aos dados, oferecem as mais elevadas garantias no que respeita \u00e0 prote\u00e7\u00e3o de dados. <\/p>\n<p>Assim, qualquer subcontratado, tratar\u00e1 os dados pessoais dos Utilizadores, em nome e por conta da nossa empresa, cumprindo rigorosamente as normas legais sobre prote\u00e7\u00e3o de dados pessoais, seguran\u00e7a da informa\u00e7\u00e3o e demais normas aplic\u00e1veis.<\/p>\n<h4>Transfer\u00eancias Internacionais de Dados<\/h4>\n<p>A nossa empresa poder\u00e1, no \u00e2mbito das finalidades descritas, transferir os seus dados do utilizador para fora do territ\u00f3rio do Espa\u00e7o Econ\u00f3mico Europeu (EEE). Nestes casos, cumprir\u00e1 rigorosamente as disposi\u00e7\u00f5es legais aplic\u00e1veis, nomeadamente \u00e0 determina\u00e7\u00e3o da adequabilidade do(s) pa\u00eds(es) de destino no que respeita \u00e0 prote\u00e7\u00e3o de dados pessoais e aos requisitos aplic\u00e1veis a tais transfer\u00eancias. <\/p>\n<h4>Decis\u00f5es Automatizadas<\/h4>\n<p>A nossa empresa poder\u00e1 elaborar perfis dos utilizadores, o que permitir\u00e1 a ado\u00e7\u00e3o de decis\u00f5es automatizadas, baseadas nas carater\u00edsticas pessoais, prefer\u00eancias, hist\u00f3rico de comportamento e localiza\u00e7\u00e3o. Nestes casos, o utilizador ter\u00e1 o direito de obter uma interven\u00e7\u00e3o humana na decis\u00e3o, de expressar o seu ponto de vista e de impugnar a decis\u00e3o adotada. <\/p>\n<h4>Medidas de Prote\u00e7\u00e3o dos Dados Pessoais<\/h4>\n<p>A nossa empresa aplica diversas medidas t\u00e9cnicas e organizativas adequadas para proteger os dados pessoais dos utilizadores.<\/p>\n<h4>Altera\u00e7\u00f5es \u00e0 Pol\u00edtica de Privacidade<\/h4>\n<p>Ocasionalmente, a nossa empresa atualizar\u00e1 esta Pol\u00edtica de Privacidade.<\/p>\n<p><span style=\"color: var( --e-global-color-text ); font-family: var( --e-global-typography-text-font-family ), Sans-serif; font-size: var( --e-global-typography-text-font-size ); font-weight: var( --e-global-typography-text-font-weight );\">Solicitamos-lhe que reveja periodicamente este documento para se manter atualizado.<\/span><\/p>\t\t\t\t\t\t\t\t<\/div>\n\t\t\t\t<\/div>\n\t\t\t\t\t<\/div>\n\t\t<\/div>\n\t\t\t\t\t<\/div>\n\t\t<\/section>\n\t\t\t\t<\/div>\n\t\t","protected":false},"excerpt":{"rendered":"<p>Pol\u00edtica de privacidade Pol\u00edtica de privacidade A Amara Thai Spa est\u00e1 empenhada em proteger a privacidade dos seus Clientes e dos Utilizadores do seu website e, neste contexto, elaborou a presente Pol\u00edtica de Privacidade com a finalidade de demonstrar o seu compromisso e respeito para com as regras de privacidade e de prote\u00e7\u00e3o de dados [&hellip;]<\/p>\n","protected":false},"author":1,"featured_media":0,"parent":0,"menu_order":0,"comment_status":"closed","ping_status":"open","template":"elementor_header_footer","meta":{"footnotes":""},"class_list":["post-874","page","type-page","status-publish","hentry"],"yoast_head":"<!-- This site is optimized with the Yoast SEO plugin v24.1 - https:\/\/yoast.com\/wordpress\/plugins\/seo\/ -->\n<title>Pol\u00edtica de privacidade - Amara Thai Spa<\/title>\n<meta name=\"robots\" content=\"index, follow, max-snippet:-1, max-image-preview:large, max-video-preview:-1\" \/>\n<link rel=\"canonical\" href=\"https:\/\/amara-thai-spa.pt\/pt-pt\/politica-de-privacidade\/\" \/>\n<meta property=\"og:locale\" content=\"pt_PT\" \/>\n<meta property=\"og:type\" content=\"article\" \/>\n<meta property=\"og:title\" content=\"Pol\u00edtica de privacidade - Amara Thai Spa\" \/>\n<meta property=\"og:description\" content=\"Pol\u00edtica de privacidade Pol\u00edtica de privacidade A Amara Thai Spa est\u00e1 empenhada em proteger a privacidade dos seus Clientes e dos Utilizadores do seu website e, neste contexto, elaborou a presente Pol\u00edtica de Privacidade com a finalidade de demonstrar o seu compromisso e respeito para com as regras de privacidade e de prote\u00e7\u00e3o de dados [&hellip;]\" \/>\n<meta property=\"og:url\" content=\"https:\/\/amara-thai-spa.pt\/pt-pt\/politica-de-privacidade\/\" \/>\n<meta property=\"og:site_name\" content=\"Amara Thai Spa\" \/>\n<meta property=\"article:publisher\" content=\"https:\/\/www.facebook.com\/amara.thai.spa.lisbon\/\" \/>\n<meta property=\"article:modified_time\" content=\"2024-08-23T15:47:26+00:00\" \/>\n<meta property=\"og:image\" content=\"https:\/\/amara-thai-spa.pt\/wp-content\/uploads\/2024\/07\/logo.webp\" \/>\n\t<meta property=\"og:image:width\" content=\"600\" \/>\n\t<meta property=\"og:image:height\" content=\"302\" \/>\n\t<meta property=\"og:image:type\" content=\"image\/webp\" \/>\n<meta name=\"twitter:card\" content=\"summary_large_image\" \/>\n<script type=\"application\/ld+json\" class=\"yoast-schema-graph\">{\"@context\":\"https:\/\/schema.org\",\"@graph\":[{\"@type\":\"WebPage\",\"@id\":\"https:\/\/amara-thai-spa.pt\/pt-pt\/politica-de-privacidade\/\",\"url\":\"https:\/\/amara-thai-spa.pt\/pt-pt\/politica-de-privacidade\/\",\"name\":\"Pol\u00edtica de privacidade - Amara Thai Spa\",\"isPartOf\":{\"@id\":\"https:\/\/amara-thai-spa.pt\/pt-pt\/#website\"},\"datePublished\":\"2024-07-03T15:41:28+00:00\",\"dateModified\":\"2024-08-23T15:47:26+00:00\",\"breadcrumb\":{\"@id\":\"https:\/\/amara-thai-spa.pt\/pt-pt\/politica-de-privacidade\/#breadcrumb\"},\"inLanguage\":\"pt-PT\",\"potentialAction\":[{\"@type\":\"ReadAction\",\"target\":[\"https:\/\/amara-thai-spa.pt\/pt-pt\/politica-de-privacidade\/\"]}]},{\"@type\":\"BreadcrumbList\",\"@id\":\"https:\/\/amara-thai-spa.pt\/pt-pt\/politica-de-privacidade\/#breadcrumb\",\"itemListElement\":[{\"@type\":\"ListItem\",\"position\":1,\"name\":\"Home\",\"item\":\"https:\/\/amara-thai-spa.pt\/pt-pt\/casa\/\"},{\"@type\":\"ListItem\",\"position\":2,\"name\":\"Pol\u00edtica de privacidade\"}]},{\"@type\":\"WebSite\",\"@id\":\"https:\/\/amara-thai-spa.pt\/pt-pt\/#website\",\"url\":\"https:\/\/amara-thai-spa.pt\/pt-pt\/\",\"name\":\"Amara Thai Spa\",\"description\":\"Massage Spa Healing\",\"publisher\":{\"@id\":\"https:\/\/amara-thai-spa.pt\/pt-pt\/#organization\"},\"potentialAction\":[{\"@type\":\"SearchAction\",\"target\":{\"@type\":\"EntryPoint\",\"urlTemplate\":\"https:\/\/amara-thai-spa.pt\/pt-pt\/?s={search_term_string}\"},\"query-input\":{\"@type\":\"PropertyValueSpecification\",\"valueRequired\":true,\"valueName\":\"search_term_string\"}}],\"inLanguage\":\"pt-PT\"},{\"@type\":\"Organization\",\"@id\":\"https:\/\/amara-thai-spa.pt\/pt-pt\/#organization\",\"name\":\"Amara Thai Spa\",\"url\":\"https:\/\/amara-thai-spa.pt\/pt-pt\/\",\"logo\":{\"@type\":\"ImageObject\",\"inLanguage\":\"pt-PT\",\"@id\":\"https:\/\/amara-thai-spa.pt\/pt-pt\/#\/schema\/logo\/image\/\",\"url\":\"https:\/\/amara-thai-spa.pt\/wp-content\/uploads\/2024\/07\/logo.webp\",\"contentUrl\":\"https:\/\/amara-thai-spa.pt\/wp-content\/uploads\/2024\/07\/logo.webp\",\"width\":600,\"height\":302,\"caption\":\"Amara Thai Spa\"},\"image\":{\"@id\":\"https:\/\/amara-thai-spa.pt\/pt-pt\/#\/schema\/logo\/image\/\"},\"sameAs\":[\"https:\/\/www.facebook.com\/amara.thai.spa.lisbon\/\",\"https:\/\/www.instagram.com\/amara.thai.spa\/\"]}]}<\/script>\n<!-- \/ Yoast SEO plugin. -->","yoast_head_json":{"title":"Pol\u00edtica de privacidade - Amara Thai Spa","robots":{"index":"index","follow":"follow","max-snippet":"max-snippet:-1","max-image-preview":"max-image-preview:large","max-video-preview":"max-video-preview:-1"},"canonical":"https:\/\/amara-thai-spa.pt\/pt-pt\/politica-de-privacidade\/","og_locale":"pt_PT","og_type":"article","og_title":"Pol\u00edtica de privacidade - Amara Thai Spa","og_description":"Pol\u00edtica de privacidade Pol\u00edtica de privacidade A Amara Thai Spa est\u00e1 empenhada em proteger a privacidade dos seus Clientes e dos Utilizadores do seu website e, neste contexto, elaborou a presente Pol\u00edtica de Privacidade com a finalidade de demonstrar o seu compromisso e respeito para com as regras de privacidade e de prote\u00e7\u00e3o de dados [&hellip;]","og_url":"https:\/\/amara-thai-spa.pt\/pt-pt\/politica-de-privacidade\/","og_site_name":"Amara Thai Spa","article_publisher":"https:\/\/www.facebook.com\/amara.thai.spa.lisbon\/","article_modified_time":"2024-08-23T15:47:26+00:00","og_image":[{"width":600,"height":302,"url":"https:\/\/amara-thai-spa.pt\/wp-content\/uploads\/2024\/07\/logo.webp","type":"image\/webp"}],"twitter_card":"summary_large_image","schema":{"@context":"https:\/\/schema.org","@graph":[{"@type":"WebPage","@id":"https:\/\/amara-thai-spa.pt\/pt-pt\/politica-de-privacidade\/","url":"https:\/\/amara-thai-spa.pt\/pt-pt\/politica-de-privacidade\/","name":"Pol\u00edtica de privacidade - Amara Thai Spa","isPartOf":{"@id":"https:\/\/amara-thai-spa.pt\/pt-pt\/#website"},"datePublished":"2024-07-03T15:41:28+00:00","dateModified":"2024-08-23T15:47:26+00:00","breadcrumb":{"@id":"https:\/\/amara-thai-spa.pt\/pt-pt\/politica-de-privacidade\/#breadcrumb"},"inLanguage":"pt-PT","potentialAction":[{"@type":"ReadAction","target":["https:\/\/amara-thai-spa.pt\/pt-pt\/politica-de-privacidade\/"]}]},{"@type":"BreadcrumbList","@id":"https:\/\/amara-thai-spa.pt\/pt-pt\/politica-de-privacidade\/#breadcrumb","itemListElement":[{"@type":"ListItem","position":1,"name":"Home","item":"https:\/\/amara-thai-spa.pt\/pt-pt\/casa\/"},{"@type":"ListItem","position":2,"name":"Pol\u00edtica de privacidade"}]},{"@type":"WebSite","@id":"https:\/\/amara-thai-spa.pt\/pt-pt\/#website","url":"https:\/\/amara-thai-spa.pt\/pt-pt\/","name":"Amara Thai Spa","description":"Massage Spa Healing","publisher":{"@id":"https:\/\/amara-thai-spa.pt\/pt-pt\/#organization"},"potentialAction":[{"@type":"SearchAction","target":{"@type":"EntryPoint","urlTemplate":"https:\/\/amara-thai-spa.pt\/pt-pt\/?s={search_term_string}"},"query-input":{"@type":"PropertyValueSpecification","valueRequired":true,"valueName":"search_term_string"}}],"inLanguage":"pt-PT"},{"@type":"Organization","@id":"https:\/\/amara-thai-spa.pt\/pt-pt\/#organization","name":"Amara Thai Spa","url":"https:\/\/amara-thai-spa.pt\/pt-pt\/","logo":{"@type":"ImageObject","inLanguage":"pt-PT","@id":"https:\/\/amara-thai-spa.pt\/pt-pt\/#\/schema\/logo\/image\/","url":"https:\/\/amara-thai-spa.pt\/wp-content\/uploads\/2024\/07\/logo.webp","contentUrl":"https:\/\/amara-thai-spa.pt\/wp-content\/uploads\/2024\/07\/logo.webp","width":600,"height":302,"caption":"Amara Thai Spa"},"image":{"@id":"https:\/\/amara-thai-spa.pt\/pt-pt\/#\/schema\/logo\/image\/"},"sameAs":["https:\/\/www.facebook.com\/amara.thai.spa.lisbon\/","https:\/\/www.instagram.com\/amara.thai.spa\/"]}]}},"_links":{"self":[{"href":"https:\/\/amara-thai-spa.pt\/pt-pt\/wp-json\/wp\/v2\/pages\/874","targetHints":{"allow":["GET"]}}],"collection":[{"href":"https:\/\/amara-thai-spa.pt\/pt-pt\/wp-json\/wp\/v2\/pages"}],"about":[{"href":"https:\/\/amara-thai-spa.pt\/pt-pt\/wp-json\/wp\/v2\/types\/page"}],"author":[{"embeddable":true,"href":"https:\/\/amara-thai-spa.pt\/pt-pt\/wp-json\/wp\/v2\/users\/1"}],"replies":[{"embeddable":true,"href":"https:\/\/amara-thai-spa.pt\/pt-pt\/wp-json\/wp\/v2\/comments?post=874"}],"version-history":[{"count":5,"href":"https:\/\/amara-thai-spa.pt\/pt-pt\/wp-json\/wp\/v2\/pages\/874\/revisions"}],"predecessor-version":[{"id":2021,"href":"https:\/\/amara-thai-spa.pt\/pt-pt\/wp-json\/wp\/v2\/pages\/874\/revisions\/2021"}],"wp:attachment":[{"href":"https:\/\/amara-thai-spa.pt\/pt-pt\/wp-json\/wp\/v2\/media?parent=874"}],"curies":[{"name":"wp","href":"https:\/\/api.w.org\/{rel}","templated":true}]}}